{"id":340,"date":"2019-09-19T11:55:30","date_gmt":"2019-09-19T09:55:30","guid":{"rendered":"https:\/\/rippergripper.com\/sklep\/"},"modified":"2020-11-22T19:51:54","modified_gmt":"2020-11-22T18:51:54","slug":"sklep-2","status":"publish","type":"page","link":"https:\/\/rippergripper.com\/?page_id=340","title":{"rendered":"Sklep"},"content":{"rendered":"\n[et_pb_section][et_pb_row][et_pb_column type=&#8221;4_4&#8243;][et_pb_text]<!-- divi:paragraph -->\n<div class=\"woocommerce columns-4 \"><ul class=\"products columns-4\">\n<li class=\"product type-product post-538 status-publish first instock product_cat-poszycia-siedzenia has-post-thumbnail sold-individually taxable shipping-taxable purchasable product-type-simple\">\n\t<a href=\"https:\/\/rippergripper.com\/?product=siedzenie-2\" class=\"woocommerce-LoopProduct-link woocommerce-loop-product__link\"><span class=\"et_shop_image\"><img width=\"300\" height=\"300\" src=\"https:\/\/rippergripper.com\/wp-content\/uploads\/2019\/10\/siedzenia_5f382b5b609f4-300x300.png\" class=\"attachment-woocommerce_thumbnail size-woocommerce_thumbnail\" alt=\"\" loading=\"lazy\" \/><span class=\"et_overlay\"><\/span><\/span><h2 class=\"woocommerce-loop-product__title\">Poszycie siedzenia<\/h2>\n\t<span class=\"price\"><span class=\"woocommerce-Price-amount amount\"><bdi>250,00&nbsp;<span class=\"woocommerce-Price-currencySymbol\">&#122;&#322;<\/span><\/bdi><\/span><\/span>\n<\/a><\/li>\n<li class=\"product type-product post-3706 status-publish instock product_cat-akcesoria has-post-thumbnail sold-individually taxable shipping-taxable purchasable product-type-simple\">\n\t<a href=\"https:\/\/rippergripper.com\/?product=wezyk-hydracyjny-do-kasku\" class=\"woocommerce-LoopProduct-link woocommerce-loop-product__link\"><span class=\"et_shop_image\"><img width=\"300\" height=\"300\" src=\"https:\/\/rippergripper.com\/wp-content\/uploads\/2020\/11\/wezyk-rg-bialy-kask-300x300.jpg\" class=\"attachment-woocommerce_thumbnail size-woocommerce_thumbnail\" alt=\"w\u0119\u017cyk bia\u0142y kask\" loading=\"lazy\" \/><span class=\"et_overlay\"><\/span><\/span><h2 class=\"woocommerce-loop-product__title\">W\u0119\u017cyk hydracyjny do kasku<\/h2>\n\t<span class=\"price\"><span class=\"woocommerce-Price-amount amount\"><bdi>70,00&nbsp;<span class=\"woocommerce-Price-currencySymbol\">&#122;&#322;<\/span><\/bdi><\/span><\/span>\n<\/a><\/li>\n<\/ul>\n<\/div>\n<!-- \/divi:paragraph -->[\/et_pb_text][\/et_pb_column][\/et_pb_row][\/et_pb_section]\n","protected":false},"excerpt":{"rendered":"","protected":false},"author":1,"featured_media":0,"parent":0,"menu_order":0,"comment_status":"closed","ping_status":"closed","template":"","meta":{"_et_pb_use_builder":"on","_et_pb_old_content":"<!-- wp:paragraph -->\n<p>[products category=\"Poszycia siedzenia, Akcesoria\"]<\/p>\n<!-- \/wp:paragraph -->","_et_gb_content_width":""},"_links":{"self":[{"href":"https:\/\/rippergripper.com\/index.php?rest_route=\/wp\/v2\/pages\/340"}],"collection":[{"href":"https:\/\/rippergripper.com\/index.php?rest_route=\/wp\/v2\/pages"}],"about":[{"href":"https:\/\/rippergripper.com\/index.php?rest_route=\/wp\/v2\/types\/page"}],"author":[{"embeddable":true,"href":"https:\/\/rippergripper.com\/index.php?rest_route=\/wp\/v2\/users\/1"}],"replies":[{"embeddable":true,"href":"https:\/\/rippergripper.com\/index.php?rest_route=%2Fwp%2Fv2%2Fcomments&post=340"}],"version-history":[{"count":8,"href":"https:\/\/rippergripper.com\/index.php?rest_route=\/wp\/v2\/pages\/340\/revisions"}],"predecessor-version":[{"id":3711,"href":"https:\/\/rippergripper.com\/index.php?rest_route=\/wp\/v2\/pages\/340\/revisions\/3711"}],"wp:attachment":[{"href":"https:\/\/rippergripper.com\/index.php?rest_route=%2Fwp%2Fv2%2Fmedia&parent=340"}],"curies":[{"name":"wp","href":"https:\/\/api.w.org\/{rel}","templated":true}]}}