{"id":1201,"date":"2019-11-17T11:05:49","date_gmt":"2019-11-17T10:05:49","guid":{"rendered":"https:\/\/rippergripper.com\/?page_id=1201"},"modified":"2020-08-15T21:04:44","modified_gmt":"2020-08-15T19:04:44","slug":"informacje-regulamin","status":"publish","type":"page","link":"https:\/\/rippergripper.com\/?page_id=1201","title":{"rendered":"Informacje (regulamin)"},"content":{"rendered":"<p>[et_pb_section fb_built=&#8221;1&#8243; _builder_version=&#8221;4.0.6&#8243;][et_pb_row _builder_version=&#8221;4.0.6&#8243;][et_pb_column type=&#8221;4_4&#8243; _builder_version=&#8221;4.0.6&#8243;][et_pb_text _builder_version=&#8221;4.0.6&#8243;]<\/p>\n<h1>Informacje (regulamin)<\/h1>\n<p>[\/et_pb_text][\/et_pb_column][\/et_pb_row][et_pb_row _builder_version=&#8221;4.0.6&#8243;][et_pb_column type=&#8221;4_4&#8243; _builder_version=&#8221;4.0.6&#8243;][et_pb_text _builder_version=&#8221;4.0.6&#8243;]Nasze poszycia s\u0105 indywidualnie produkowane na Twoje zam\u00f3wienie. Z tego powodu dobrze sie zastan\u00f3w przed dokonaniem wyboru, gdy\u017c personalizowany produkt nie podlega zwrotowi. W razie jakichkolwiek w\u0105tpliwo\u015bci skontaktuj si\u0119 z nami, zanim dokonasz zam\u00f3wienia.<br \/>\nPoszycia personalizowane wysy\u0142amy w przeci\u0105gu 5 dni roboczych od daty zam\u00f3wienia.<br \/>\nZwrotowi podlega jedynie poszycie uniwersalne \u2013 czyli arkusz materia\u0142u 90 x 70 \u2013 masz na to 14 dni. Pieni\u0105dze odsy\u0142amy na podany numer konta po wcze\u015bniejszym ustaleniu drog\u0105 mailow\u0105.<br \/>\nPrzy zam\u00f3wieniu powy\u017cej 399 z\u0142 przesy\u0142ka gratis. <\/p>\n<p>Chcesz wykona\u0107 poszycie do nietypowego motocykla, atv, skutera wodnego czy \u015bnie\u017cnego? Napisz do nas. <\/p>\n<p>Mo\u017cesz tak\u017ce wys\u0142a\u0107 nam swoje siedzenie, a my wykonamy poszycie wg zam\u00f3wienia, obijemy nim siedzisko i ode\u015blemy. Masz wtedy pewno\u015b\u0107, \u017ce wszystko jest wykonane perfekcyjnie. Koszt takiej us\u0142ugi to 50 z\u0142.[\/et_pb_text][\/et_pb_column][\/et_pb_row][\/et_pb_section][et_pb_section fb_built=&#8221;1&#8243; _builder_version=&#8221;4.0.6&#8243; background_color=&#8221;#222222&#8243; global_module=&#8221;2263&#8243;][et_pb_row column_structure=&#8221;1_2,1_2&#8243; _builder_version=&#8221;4.0.6&#8243;][et_pb_column type=&#8221;1_2&#8243; _builder_version=&#8221;4.0.6&#8243;][et_pb_text _builder_version=&#8221;4.0.6&#8243; text_text_color=&#8221;#a3a3a3&#8243; header_3_text_color=&#8221;#a3a3a3&#8243;]<\/p>\n<h3>KONTAKT<\/h3>\n<p>RIPPER GRIPPER<br \/>\nos. Kasztanowe 74C\/8<br \/>\n70-895 Szczecin<br \/>\nPolska<\/p>\n<p><a ref=\"mailto:info@rippergripper.com\">info@rippergripper.com<\/a><\/p>\n<p><a ref=\"tel:48505349369\">+48 505349369<\/a>[\/et_pb_text][\/et_pb_column][et_pb_column type=&#8221;1_2&#8243; _builder_version=&#8221;4.0.6&#8243;][et_pb_contact_form captcha=&#8221;off&#8221; email=&#8221;info@rippergripper.com&#8221; _builder_version=&#8221;4.0.6&#8243; custom_button=&#8221;on&#8221; button_text_color=&#8221;#a3a3a3&#8243; button_border_width=&#8221;1px&#8221; button_font=&#8221;|300|||||||&#8221;][et_pb_contact_field field_id=&#8221;Email&#8221; field_title=&#8221;Adres mejlowy&#8221; field_type=&#8221;email&#8221; fullwidth_field=&#8221;on&#8221; _builder_version=&#8221;4.0.6&#8243; button_text_size__hover_enabled=&#8221;off&#8221; button_one_text_size__hover_enabled=&#8221;off&#8221; button_two_text_size__hover_enabled=&#8221;off&#8221; button_text_color__hover_enabled=&#8221;off&#8221; button_one_text_color__hover_enabled=&#8221;off&#8221; button_two_text_color__hover_enabled=&#8221;off&#8221; button_border_width__hover_enabled=&#8221;off&#8221; button_one_border_width__hover_enabled=&#8221;off&#8221; button_two_border_width__hover_enabled=&#8221;off&#8221; button_border_color__hover_enabled=&#8221;off&#8221; button_one_border_color__hover_enabled=&#8221;off&#8221; button_two_border_color__hover_enabled=&#8221;off&#8221; button_border_radius__hover_enabled=&#8221;off&#8221; button_one_border_radius__hover_enabled=&#8221;off&#8221; button_two_border_radius__hover_enabled=&#8221;off&#8221; button_letter_spacing__hover_enabled=&#8221;off&#8221; button_one_letter_spacing__hover_enabled=&#8221;off&#8221; button_two_letter_spacing__hover_enabled=&#8221;off&#8221; button_bg_color__hover_enabled=&#8221;off&#8221; button_one_bg_color__hover_enabled=&#8221;off&#8221; button_two_bg_color__hover_enabled=&#8221;off&#8221;][\/et_pb_contact_field][et_pb_contact_field field_id=&#8221;Message&#8221; field_title=&#8221;Wiadomo\u015b\u0107&#8221; field_type=&#8221;text&#8221; fullwidth_field=&#8221;on&#8221; _builder_version=&#8221;3.16&#8243; button_text_size__hover_enabled=&#8221;off&#8221; button_one_text_size__hover_enabled=&#8221;off&#8221; button_two_text_size__hover_enabled=&#8221;off&#8221; button_text_color__hover_enabled=&#8221;off&#8221; button_one_text_color__hover_enabled=&#8221;off&#8221; button_two_text_color__hover_enabled=&#8221;off&#8221; button_border_width__hover_enabled=&#8221;off&#8221; button_one_border_width__hover_enabled=&#8221;off&#8221; button_two_border_width__hover_enabled=&#8221;off&#8221; button_border_color__hover_enabled=&#8221;off&#8221; button_one_border_color__hover_enabled=&#8221;off&#8221; button_two_border_color__hover_enabled=&#8221;off&#8221; button_border_radius__hover_enabled=&#8221;off&#8221; button_one_border_radius__hover_enabled=&#8221;off&#8221; button_two_border_radius__hover_enabled=&#8221;off&#8221; button_letter_spacing__hover_enabled=&#8221;off&#8221; button_one_letter_spacing__hover_enabled=&#8221;off&#8221; button_two_letter_spacing__hover_enabled=&#8221;off&#8221; button_bg_color__hover_enabled=&#8221;off&#8221; button_one_bg_color__hover_enabled=&#8221;off&#8221; button_two_bg_color__hover_enabled=&#8221;off&#8221;][\/et_pb_contact_field][\/et_pb_contact_form][\/et_pb_column][\/et_pb_row][\/et_pb_section]<\/p>\n","protected":false},"excerpt":{"rendered":"<p>[et_pb_section fb_built=&#8221;1&#8243; _builder_version=&#8221;4.0.6&#8243;][et_pb_row _builder_version=&#8221;4.0.6&#8243;][et_pb_column type=&#8221;4_4&#8243; _builder_version=&#8221;4.0.6&#8243;][et_pb_text _builder_version=&#8221;4.0.6&#8243;] Informacje (regulamin) [\/et_pb_text][\/et_pb_column][\/et_pb_row][et_pb_row _builder_version=&#8221;4.0.6&#8243;][et_pb_column type=&#8221;4_4&#8243; _builder_version=&#8221;4.0.6&#8243;][et_pb_text _builder_version=&#8221;4.0.6&#8243;]Nasze poszycia s\u0105 indywidualnie produkowane na Twoje zam\u00f3wienie. Z tego powodu dobrze sie zastan\u00f3w przed dokonaniem wyboru, gdy\u017c personalizowany produkt nie podlega zwrotowi. W razie jakichkolwiek w\u0105tpliwo\u015bci skontaktuj si\u0119 z nami, zanim dokonasz zam\u00f3wienia. Poszycia personalizowane wysy\u0142amy w przeci\u0105gu 5 dni roboczych [&hellip;]<\/p>\n","protected":false},"author":1,"featured_media":0,"parent":0,"menu_order":0,"comment_status":"closed","ping_status":"closed","template":"","meta":{"_et_pb_use_builder":"on","_et_pb_old_content":"","_et_gb_content_width":""},"_links":{"self":[{"href":"https:\/\/rippergripper.com\/index.php?rest_route=\/wp\/v2\/pages\/1201"}],"collection":[{"href":"https:\/\/rippergripper.com\/index.php?rest_route=\/wp\/v2\/pages"}],"about":[{"href":"https:\/\/rippergripper.com\/index.php?rest_route=\/wp\/v2\/types\/page"}],"author":[{"embeddable":true,"href":"https:\/\/rippergripper.com\/index.php?rest_route=\/wp\/v2\/users\/1"}],"replies":[{"embeddable":true,"href":"https:\/\/rippergripper.com\/index.php?rest_route=%2Fwp%2Fv2%2Fcomments&post=1201"}],"version-history":[{"count":11,"href":"https:\/\/rippergripper.com\/index.php?rest_route=\/wp\/v2\/pages\/1201\/revisions"}],"predecessor-version":[{"id":3505,"href":"https:\/\/rippergripper.com\/index.php?rest_route=\/wp\/v2\/pages\/1201\/revisions\/3505"}],"wp:attachment":[{"href":"https:\/\/rippergripper.com\/index.php?rest_route=%2Fwp%2Fv2%2Fmedia&parent=1201"}],"curies":[{"name":"wp","href":"https:\/\/api.w.org\/{rel}","templated":true}]}}