{"id":1193,"date":"2019-11-17T10:42:14","date_gmt":"2019-11-17T09:42:14","guid":{"rendered":"https:\/\/rippergripper.com\/?page_id=1193"},"modified":"2020-08-03T12:37:08","modified_gmt":"2020-08-03T10:37:08","slug":"o-nas","status":"publish","type":"page","link":"https:\/\/rippergripper.com\/?page_id=1193","title":{"rendered":"O nas"},"content":{"rendered":"\n[et_pb_section fb_built=&#8221;1&#8243; _builder_version=&#8221;4.0.6&#8243;][et_pb_row _builder_version=&#8221;4.0.6&#8243;][et_pb_column type=&#8221;4_4&#8243; _builder_version=&#8221;4.0.6&#8243;][et_pb_text _builder_version=&#8221;4.0.6&#8243;]<h1>O nas<\/h1>[\/et_pb_text][\/et_pb_column][\/et_pb_row][et_pb_row _builder_version=&#8221;4.0.6&#8243;][et_pb_column type=&#8221;4_4&#8243; _builder_version=&#8221;4.0.6&#8243;][et_pb_text _builder_version=&#8221;4.0.6&#8243;]Jako rajderzy zawsze poszukujemy lepszych rozwi\u0105za\u0144 aby zwi\u0119kszy\u0107 efektywno\u015b\u0107 i u\u0142atwi\u0107 sobie \u017cycie. Ci\u0105g\u0142e modyfikacje motocykla, klamki, kierownice, zawieszenia, opony, mussy, tublissy&#8230; Wszystko po to aby uzyska\u0107 maksymalny komfort i osi\u0105gi. Kiedy ju\u017c dochodzisz do tego miejsca, gdzie my\u015blisz, \u017ce ju\u017c wszystko zrobi\u0142e\u015b, zmieniasz poszycie siedzenia i nagle okazuje si\u0119, \u017ce jest to kolejny krok do przodu.\nTak te\u017c powsta\u0142y nasze produkty, wielokrotnie testowane przez nas oraz zawodnik\u00f3w w r\u00f3\u017cnych warunkach. Koniec ko\u0144c\u00f3w znale\u017ali\u015bmy optymalne rozwi\u0105zanie \u2013 idealny materia\u0142 o doskona\u0142ej przyczepno\u015bci. \nGeneza nazwy jest przypadkowa. Kiedy oddali\u015bmy kolejny prototyp do test\u00f3w, w informacji zwrotnej us\u0142yszeli\u015bmy: \u201esiedzenie tak klei, \u017ce a\u017c podar\u0142o mi portki!\u201d.\nTak narodzi\u0142 si\u0119 RIPPER GRIPPER.[\/et_pb_text][\/et_pb_column][\/et_pb_row][\/et_pb_section][et_pb_section fb_built=&#8221;1&#8243; _builder_version=&#8221;4.0.6&#8243; background_color=&#8221;#222222&#8243; global_module=&#8221;2263&#8243;][et_pb_row column_structure=&#8221;1_2,1_2&#8243; _builder_version=&#8221;4.0.6&#8243;][et_pb_column type=&#8221;1_2&#8243; _builder_version=&#8221;4.0.6&#8243;][et_pb_text _builder_version=&#8221;4.0.6&#8243; text_text_color=&#8221;#a3a3a3&#8243; header_3_text_color=&#8221;#a3a3a3&#8243;]<h3>KONTAKT<\/h3>\n\nRIPPER GRIPPER\nos. Kasztanowe 74C\/8\n70-895 Szczecin\nPolska\n\n<a ref=\"mailto:info@rippergripper.com\">info@rippergripper.com<\/a>\n\n<a ref=\"tel:48505349369\">+48 505349369<\/a>[\/et_pb_text][\/et_pb_column][et_pb_column type=&#8221;1_2&#8243; _builder_version=&#8221;4.0.6&#8243;][et_pb_contact_form captcha=&#8221;off&#8221; email=&#8221;info@rippergripper.com&#8221; _builder_version=&#8221;4.0.6&#8243; custom_button=&#8221;on&#8221; button_text_color=&#8221;#a3a3a3&#8243; button_border_width=&#8221;1px&#8221; button_font=&#8221;|300|||||||&#8221;][et_pb_contact_field field_id=&#8221;Email&#8221; field_title=&#8221;Adres mejlowy&#8221; field_type=&#8221;email&#8221; fullwidth_field=&#8221;on&#8221; _builder_version=&#8221;4.0.6&#8243; button_text_size__hover_enabled=&#8221;off&#8221; button_one_text_size__hover_enabled=&#8221;off&#8221; button_two_text_size__hover_enabled=&#8221;off&#8221; button_text_color__hover_enabled=&#8221;off&#8221; button_one_text_color__hover_enabled=&#8221;off&#8221; button_two_text_color__hover_enabled=&#8221;off&#8221; button_border_width__hover_enabled=&#8221;off&#8221; button_one_border_width__hover_enabled=&#8221;off&#8221; button_two_border_width__hover_enabled=&#8221;off&#8221; button_border_color__hover_enabled=&#8221;off&#8221; button_one_border_color__hover_enabled=&#8221;off&#8221; button_two_border_color__hover_enabled=&#8221;off&#8221; button_border_radius__hover_enabled=&#8221;off&#8221; button_one_border_radius__hover_enabled=&#8221;off&#8221; button_two_border_radius__hover_enabled=&#8221;off&#8221; button_letter_spacing__hover_enabled=&#8221;off&#8221; button_one_letter_spacing__hover_enabled=&#8221;off&#8221; button_two_letter_spacing__hover_enabled=&#8221;off&#8221; button_bg_color__hover_enabled=&#8221;off&#8221; button_one_bg_color__hover_enabled=&#8221;off&#8221; button_two_bg_color__hover_enabled=&#8221;off&#8221;][\/et_pb_contact_field][et_pb_contact_field field_id=&#8221;Message&#8221; field_title=&#8221;Wiadomo\u015b\u0107&#8221; field_type=&#8221;text&#8221; fullwidth_field=&#8221;on&#8221; _builder_version=&#8221;3.16&#8243; button_text_size__hover_enabled=&#8221;off&#8221; button_one_text_size__hover_enabled=&#8221;off&#8221; button_two_text_size__hover_enabled=&#8221;off&#8221; button_text_color__hover_enabled=&#8221;off&#8221; button_one_text_color__hover_enabled=&#8221;off&#8221; button_two_text_color__hover_enabled=&#8221;off&#8221; button_border_width__hover_enabled=&#8221;off&#8221; button_one_border_width__hover_enabled=&#8221;off&#8221; button_two_border_width__hover_enabled=&#8221;off&#8221; button_border_color__hover_enabled=&#8221;off&#8221; button_one_border_color__hover_enabled=&#8221;off&#8221; button_two_border_color__hover_enabled=&#8221;off&#8221; button_border_radius__hover_enabled=&#8221;off&#8221; button_one_border_radius__hover_enabled=&#8221;off&#8221; button_two_border_radius__hover_enabled=&#8221;off&#8221; button_letter_spacing__hover_enabled=&#8221;off&#8221; button_one_letter_spacing__hover_enabled=&#8221;off&#8221; button_two_letter_spacing__hover_enabled=&#8221;off&#8221; button_bg_color__hover_enabled=&#8221;off&#8221; button_one_bg_color__hover_enabled=&#8221;off&#8221; button_two_bg_color__hover_enabled=&#8221;off&#8221;][\/et_pb_contact_field][\/et_pb_contact_form][\/et_pb_column][\/et_pb_row][\/et_pb_section]\n","protected":false},"excerpt":{"rendered":"","protected":false},"author":1,"featured_media":0,"parent":0,"menu_order":0,"comment_status":"closed","ping_status":"closed","template":"","meta":{"_et_pb_use_builder":"on","_et_pb_old_content":"","_et_gb_content_width":""},"_links":{"self":[{"href":"https:\/\/rippergripper.com\/index.php?rest_route=\/wp\/v2\/pages\/1193"}],"collection":[{"href":"https:\/\/rippergripper.com\/index.php?rest_route=\/wp\/v2\/pages"}],"about":[{"href":"https:\/\/rippergripper.com\/index.php?rest_route=\/wp\/v2\/types\/page"}],"author":[{"embeddable":true,"href":"https:\/\/rippergripper.com\/index.php?rest_route=\/wp\/v2\/users\/1"}],"replies":[{"embeddable":true,"href":"https:\/\/rippergripper.com\/index.php?rest_route=%2Fwp%2Fv2%2Fcomments&post=1193"}],"version-history":[{"count":8,"href":"https:\/\/rippergripper.com\/index.php?rest_route=\/wp\/v2\/pages\/1193\/revisions"}],"predecessor-version":[{"id":3484,"href":"https:\/\/rippergripper.com\/index.php?rest_route=\/wp\/v2\/pages\/1193\/revisions\/3484"}],"wp:attachment":[{"href":"https:\/\/rippergripper.com\/index.php?rest_route=%2Fwp%2Fv2%2Fmedia&parent=1193"}],"curies":[{"name":"wp","href":"https:\/\/api.w.org\/{rel}","templated":true}]}}